{"id":9983,"date":"2025-06-09T08:24:01","date_gmt":"2025-06-09T06:24:01","guid":{"rendered":"http:\/\/test.bpnt.bialystok.pl\/przestrzen-bpn-t\/"},"modified":"2025-09-19T14:21:26","modified_gmt":"2025-09-19T12:21:26","slug":"przestrzen-bpn-t","status":"publish","type":"page","link":"https:\/\/bpnt.bialystok.pl\/en\/przestrzen-bpn-t\/","title":{"rendered":"BPN-T Area"},"content":{"rendered":"\n<p>First enterprises moved in to the Bia\u0142ystok Science and Technology Park in July 2014. Today most of the office space is already leased, as the Park hosts over 50 innovative enterprises.<\/p>\n\n\n\n<p>The infrastructure of Bia\u0142ystok Science and Technology Park consists of buildings of the <a href=\"https:\/\/bpnt.bialystok.pl\/en\/bpnt-area\/technology-incubator\">Technology Incubator <\/a>and the <a href=\"https:\/\/bpnt.bialystok.pl\/en\/bpnt-area\/technology-centre\">Technology Centre<\/a>.<\/p>\n\n\n\n<p>Both start-ups and well-developed enterprises, which carry out innovative activities, can rent space in the Park. BPN-T also offers\u00a0<a href=\"https:\/\/bpnt.bialystok.pl\/en\/offer\/laboratories\">lab<\/a><a href=\"https:\/\/bpnt.bialystok.pl\/en\/offer\/laboratories\">o<\/a><a href=\"https:\/\/bpnt.bialystok.pl\/en\/offer\/laboratories\">ratories<\/a>, fully equipped with the newest facilities.<br><\/p>\n","protected":false},"excerpt":{"rendered":"<p>Pierwsze firmy wprowadzi\u0142y si\u0119 do Bia\u0142ostockiego Parku Naukowo-Technologicznego w lipcu 2014 roku. Dzisiaj wi\u0119kszo\u015b\u0107 powierzchni biurowych jest ju\u017c zaj\u0119ta, a Park jest domem dla oko\u0142o 70 innowacyjnych firm, w tym g\u0142\u00f3wnie startup\u00f3w.<\/p>\n","protected":false},"author":1,"featured_media":9980,"parent":0,"menu_order":4,"comment_status":"closed","ping_status":"closed","template":"","meta":{"_acf_changed":false,"inline_featured_image":false},"class_list":["post-9983","page","type-page","status-publish","has-post-thumbnail","hentry"],"acf":[],"_links":{"self":[{"href":"https:\/\/bpnt.bialystok.pl\/en\/wp-json\/wp\/v2\/pages\/9983","targetHints":{"allow":["GET"]}}],"collection":[{"href":"https:\/\/bpnt.bialystok.pl\/en\/wp-json\/wp\/v2\/pages"}],"about":[{"href":"https:\/\/bpnt.bialystok.pl\/en\/wp-json\/wp\/v2\/types\/page"}],"author":[{"embeddable":true,"href":"https:\/\/bpnt.bialystok.pl\/en\/wp-json\/wp\/v2\/users\/1"}],"replies":[{"embeddable":true,"href":"https:\/\/bpnt.bialystok.pl\/en\/wp-json\/wp\/v2\/comments?post=9983"}],"version-history":[{"count":1,"href":"https:\/\/bpnt.bialystok.pl\/en\/wp-json\/wp\/v2\/pages\/9983\/revisions"}],"predecessor-version":[{"id":9984,"href":"https:\/\/bpnt.bialystok.pl\/en\/wp-json\/wp\/v2\/pages\/9983\/revisions\/9984"}],"wp:featuredmedia":[{"embeddable":true,"href":"https:\/\/bpnt.bialystok.pl\/en\/wp-json\/wp\/v2\/media\/9980"}],"wp:attachment":[{"href":"https:\/\/bpnt.bialystok.pl\/en\/wp-json\/wp\/v2\/media?parent=9983"}],"curies":[{"name":"wp","href":"https:\/\/api.w.org\/{rel}","templated":true}]}}