{"id":11342,"date":"2025-06-09T08:26:23","date_gmt":"2025-06-09T06:26:23","guid":{"rendered":"https:\/\/test.bpnt.bialystok.pl\/przestrzen-bpn-t\/mapa-pomieszczen\/"},"modified":"2025-11-03T09:48:29","modified_gmt":"2025-11-03T08:48:29","slug":"map-of-the-spaces","status":"publish","type":"page","link":"https:\/\/bpnt.bialystok.pl\/en\/przestrzen-bpn-t\/map-of-the-spaces\/","title":{"rendered":"Map of the Spaces"},"content":{"rendered":"\r\n<div id=\"mapa-pomieszczenblock_7a62b18ce79e5e7f85a2170b67da23be\"\r\n  class=\"heading-block  mt-3 mb-3  \">\r\n  <!-- Heading -->\r\n\r\n  \r\n          <div class=\"post_sec\">\r\n        <div class=\"map_text\">Select a building:<\/div>\r\n        <div class=\"map_sec\">\r\n          <svg id=\"build-map-svg\" data-current_page=\"https:\/\/bpnt.bialystok.pl\/en\/przestrzen-bpn-t\/map-of-the-spaces\/\" vbox=\"0 0 760 900\" height=\"900\"\r\n          width=\"1200\" viewBox=\"0 0 760 570\" preserveAspectRatio=\"xMidYMax slice\"\r\n          style=\"background-image: url(https:\/\/bpnt.bialystok.pl\/wp-content\/themes\/bpnt\/assets\/images\/buildings.png);\">\r\n          <g class=\"build-map\">\r\n            <path class=\"build-name\" aria-label=\"Technology Incubator\" tabindex=\"0\" data-build-name=\"Technology Incubator\" data-build_id=\"17\"\r\n              d=\"m 195.13126,224.80923 0,138.52197 -14.09199,117.29185 -47.12202,-6.07204 13.21083,-110.69216 -0.3019,-138.74771 z\">\r\n            <\/path>\r\n          <\/g>\r\n          <g class=\"build-map\">\r\n            <path class=\"build-name\" aria-label=\"Technology Center\" tabindex=\"0\"  data-build-name=\"Technology Center\" data-build_id=\"18\"\r\n              d=\"m 295.18718,198.80965 132.44262,-55.63044 105.01787,258.02173 -59.01672,24.67687 -20.29248,-47.73413 23.92543,-10.00759 -18.28119,-41.71715 -56.57228,23.05588 17.50538,43.12302 33.4253,-14.45157 20.29287,47.73297 -71.32078,29.82487 -76.96917,-184.57657 23.05587,-8.7527 26.25808,62.33626 29.03333,-12.16838 -44.61739,-106.09972 -28.81985,11.52793 18.14583,44.4114 -23.05587,8.74521 z\">\r\n            <\/path>\r\n          <\/g>\r\n          <\/svg>\r\n          <div class=\"map_description\" style=\"left: 79px; top: 343px;\"><\/div>\r\n        <\/div>\r\n      <\/div>\r\n    \r\n    <\/div>\r\n\n\n\n<p><\/p>\n","protected":false},"excerpt":{"rendered":"<p>Wprowad\u017a swoj\u0105 firm\u0119 na nowe tory innowacji! W BPN-T Tw\u00f3j biznes b\u0119dzie dzia\u0142a\u0142 bez zak\u0142\u00f3ce\u0144, w otoczeniu, kt\u00f3re sprzyja kreatywno\u015bci i rozwojowi. Poszerzysz te\u017c sie\u0107 swoich kontakt\u00f3w biznesowych.<\/p>\n","protected":false},"author":1,"featured_media":1365,"parent":9983,"menu_order":5,"comment_status":"closed","ping_status":"closed","template":"","meta":{"_acf_changed":false,"inline_featured_image":false},"class_list":["post-11342","page","type-page","status-publish","has-post-thumbnail","hentry"],"acf":[],"_links":{"self":[{"href":"https:\/\/bpnt.bialystok.pl\/en\/wp-json\/wp\/v2\/pages\/11342","targetHints":{"allow":["GET"]}}],"collection":[{"href":"https:\/\/bpnt.bialystok.pl\/en\/wp-json\/wp\/v2\/pages"}],"about":[{"href":"https:\/\/bpnt.bialystok.pl\/en\/wp-json\/wp\/v2\/types\/page"}],"author":[{"embeddable":true,"href":"https:\/\/bpnt.bialystok.pl\/en\/wp-json\/wp\/v2\/users\/1"}],"replies":[{"embeddable":true,"href":"https:\/\/bpnt.bialystok.pl\/en\/wp-json\/wp\/v2\/comments?post=11342"}],"version-history":[{"count":1,"href":"https:\/\/bpnt.bialystok.pl\/en\/wp-json\/wp\/v2\/pages\/11342\/revisions"}],"predecessor-version":[{"id":11717,"href":"https:\/\/bpnt.bialystok.pl\/en\/wp-json\/wp\/v2\/pages\/11342\/revisions\/11717"}],"up":[{"embeddable":true,"href":"https:\/\/bpnt.bialystok.pl\/en\/wp-json\/wp\/v2\/pages\/9983"}],"wp:featuredmedia":[{"embeddable":true,"href":"https:\/\/bpnt.bialystok.pl\/en\/wp-json\/wp\/v2\/media\/1365"}],"wp:attachment":[{"href":"https:\/\/bpnt.bialystok.pl\/en\/wp-json\/wp\/v2\/media?parent=11342"}],"curies":[{"name":"wp","href":"https:\/\/api.w.org\/{rel}","templated":true}]}}