{"id":10051,"date":"2025-06-09T08:40:45","date_gmt":"2025-06-09T06:40:45","guid":{"rendered":"http:\/\/test.bpnt.bialystok.pl\/kontakt\/osoby-do-kontaktu\/"},"modified":"2025-09-19T15:08:26","modified_gmt":"2025-09-19T13:08:26","slug":"osoby-do-kontaktu","status":"publish","type":"page","link":"https:\/\/bpnt.bialystok.pl\/en\/contact\/osoby-do-kontaktu\/","title":{"rendered":"Contact Persons"},"content":{"rendered":"\n<div id=\"kontakt-do-osobblock_2ead5935a5b0fa5a83a2c95e9d624d8c\"\n  class=\"blok-kontakt-do-osob  \">\n  <!-- BLOK-kontakt-do-osob -->\n\n    <div class=\"kon_all\">\n    <ul class=\"row\">\n            <li class=\"col-xxl-6 col-xl-12 col-lg-6 col-md-12 col-sm-12\"  data-aos=\"fade-up\"  data-aos-delay=\"100\" data-aos-once=\"true\">\n        <div class=\"kon_box\">\n                    <div class=\"kon_img\">\n            <img decoding=\"async\" src=\"https:\/\/bpnt.bialystok.pl\/wp-content\/uploads\/2025\/06\/Anna-Daszuta-Zalewska.png\" alt=\"\" class=\"kon_img_round img_all\">\n          <\/div>\n          \n          <div class=\"kon_text\">\n            <div class=\"kon_title\">Anna Daszuta-Zalewska<\/div>\n\n                        <div class=\"kon_text_light\">Director of Bia\u0142ystok Science and Technology Park<\/div>\n            \n                        <div class=\"kon_add\">\n              <img decoding=\"async\" src=\"https:\/\/bpnt.bialystok.pl\/wp-content\/themes\/bpnt\/assets\/images\/sms.png\" alt=\"\">\n              <a href=\"mailto:bpnt@bpnt.bialystok.pl\">bpnt@bpnt.bialystok.pl<\/a>\n            <\/div>\n                                    \n                        <div class=\"kon_add\"> <img decoding=\"async\" src=\"https:\/\/bpnt.bialystok.pl\/wp-content\/themes\/bpnt\/assets\/images\/call.png\"\n                alt=\"\">\n              <a\n                href=\"tel:+48857333955\">+48 85 733 39 55<\/a>\n\n            <\/div>\n                                    \n          <\/div>\n        <\/div>\n      <\/li>\n                  <li class=\"col-xxl-6 col-xl-12 col-lg-6 col-md-12 col-sm-12\"  data-aos=\"fade-up\"  data-aos-delay=\"200\" data-aos-once=\"true\">\n        <div class=\"kon_box\">\n                    <div class=\"kon_img\">\n            <img decoding=\"async\" src=\"https:\/\/bpnt.bialystok.pl\/wp-content\/uploads\/2025\/06\/Pawel-Kramarz_jpg.png\" alt=\"\" class=\"kon_img_round img_all\">\n          <\/div>\n          \n          <div class=\"kon_text\">\n            <div class=\"kon_title\">Pawe\u0142 Kramarz<\/div>\n\n                        <div class=\"kon_text_light\">Deputy Director of Bia\u0142ystok Science and Technology Park<\/div>\n            \n                        <div class=\"kon_add\">\n              <img decoding=\"async\" src=\"https:\/\/bpnt.bialystok.pl\/wp-content\/themes\/bpnt\/assets\/images\/sms.png\" alt=\"\">\n              <a href=\"mailto:p.kramarz@bpnt.bialystok.pl\">p.kramarz@bpnt.bialystok.pl<\/a>\n            <\/div>\n                                    \n                        <div class=\"kon_add\"> <img decoding=\"async\" src=\"https:\/\/bpnt.bialystok.pl\/wp-content\/themes\/bpnt\/assets\/images\/call.png\"\n                alt=\"\">\n              <a\n                href=\"tel:+48857333955\">+48 85 733 39 55<\/a>\n\n            <\/div>\n                                    \n          <\/div>\n        <\/div>\n      <\/li>\n                  <li class=\"col-xxl-6 col-xl-12 col-lg-6 col-md-12 col-sm-12\"  data-aos=\"fade-up\"  data-aos-delay=\"100\" data-aos-once=\"true\">\n        <div class=\"kon_box\">\n                    <div class=\"kon_img\">\n            <img decoding=\"async\" src=\"https:\/\/bpnt.bialystok.pl\/wp-content\/uploads\/2025\/06\/KM_JPG.png\" alt=\"\" class=\"kon_img_round img_all\">\n          <\/div>\n          \n          <div class=\"kon_text\">\n            <div class=\"kon_title\">Kinga Marculewicz<\/div>\n\n                        <div class=\"kon_text_light\">Front Office<\/div>\n            \n                        <div class=\"kon_add\">\n              <img decoding=\"async\" src=\"https:\/\/bpnt.bialystok.pl\/wp-content\/themes\/bpnt\/assets\/images\/sms.png\" alt=\"\">\n              <a href=\"mailto:bpnt@bpnt.bialystok.pl\">bpnt@bpnt.bialystok.pl<\/a>\n            <\/div>\n                                    <div class=\"kon_add\">\n              <img decoding=\"async\" src=\"https:\/\/bpnt.bialystok.pl\/wp-content\/themes\/bpnt\/assets\/images\/sms.png\" alt=\"\">\n              <a href=\"mailto:k.marculewicz@bpnt.bialystok.pl\">k.marculewicz@bpnt.bialystok.pl<\/a>\n            <\/div>\n                                    \n                        <div class=\"kon_add\"> <img decoding=\"async\" src=\"https:\/\/bpnt.bialystok.pl\/wp-content\/themes\/bpnt\/assets\/images\/call.png\"\n                alt=\"\">\n              <a\n                href=\"tel:+48857333955\">+48 85 733 39 55<\/a>\n\n            <\/div>\n                                    <div class=\"kon_add\"> <img decoding=\"async\" src=\"https:\/\/bpnt.bialystok.pl\/wp-content\/themes\/bpnt\/assets\/images\/call.png\"\n                alt=\"\">\n              <a\n                href=\"tel:+48534653001\">+48 534 653 001<\/a>\n\n            <\/div>\n                                    \n          <\/div>\n        <\/div>\n      <\/li>\n                  <li class=\"col-xxl-6 col-xl-12 col-lg-6 col-md-12 col-sm-12\"  data-aos=\"fade-up\"  data-aos-delay=\"200\" data-aos-once=\"true\">\n        <div class=\"kon_box\">\n                    <div class=\"kon_img\">\n            <img decoding=\"async\" src=\"https:\/\/bpnt.bialystok.pl\/wp-content\/uploads\/2025\/06\/Ewa-101543836.png\" alt=\"\" class=\"kon_img_round img_all\">\n          <\/div>\n          \n          <div class=\"kon_text\">\n            <div class=\"kon_title\">Ewa Czarniecka<\/div>\n\n                        <div class=\"kon_text_light\">   Chief Accountant<\/div>\n            \n                        <div class=\"kon_add\">\n              <img decoding=\"async\" src=\"https:\/\/bpnt.bialystok.pl\/wp-content\/themes\/bpnt\/assets\/images\/sms.png\" alt=\"\">\n              <a href=\"mailto:e.czarniecka@bpnt.bialystok.pl\">e.czarniecka@bpnt.bialystok.pl<\/a>\n            <\/div>\n                                    \n                        <div class=\"kon_add\"> <img decoding=\"async\" src=\"https:\/\/bpnt.bialystok.pl\/wp-content\/themes\/bpnt\/assets\/images\/call.png\"\n                alt=\"\">\n              <a\n                href=\"tel:+48857222055\">+48 85 722 20 55<\/a>\n\n            <\/div>\n                                    \n          <\/div>\n        <\/div>\n      <\/li>\n                  <li class=\"col-xxl-6 col-xl-12 col-lg-6 col-md-12 col-sm-12\"  data-aos=\"fade-up\"  data-aos-delay=\"100\" data-aos-once=\"true\">\n        <div class=\"kon_box\">\n                    <div class=\"kon_img\">\n            <img decoding=\"async\" src=\"https:\/\/bpnt.bialystok.pl\/wp-content\/uploads\/2025\/06\/Magda_jpg.png\" alt=\"\" class=\"kon_img_round img_all\">\n          <\/div>\n          \n          <div class=\"kon_text\">\n            <div class=\"kon_title\">Magdalena Zawadzka<\/div>\n\n                        <div class=\"kon_text_light\">Head of Administrative and Technical Unit<\/div>\n            \n                        <div class=\"kon_add\">\n              <img decoding=\"async\" src=\"https:\/\/bpnt.bialystok.pl\/wp-content\/themes\/bpnt\/assets\/images\/sms.png\" alt=\"\">\n              <a href=\"mailto:m.zawadzka@bpnt.bialystok.pl\">m.zawadzka@bpnt.bialystok.pl<\/a>\n            <\/div>\n                                    \n                        <div class=\"kon_add\"> <img decoding=\"async\" src=\"https:\/\/bpnt.bialystok.pl\/wp-content\/themes\/bpnt\/assets\/images\/call.png\"\n                alt=\"\">\n              <a\n                href=\"tel:+48857222050\">+48 85 722 20 50<\/a>\n\n            <\/div>\n                                    \n          <\/div>\n        <\/div>\n      <\/li>\n                  <li class=\"col-xxl-6 col-xl-12 col-lg-6 col-md-12 col-sm-12\"  data-aos=\"fade-up\"  data-aos-delay=\"200\" data-aos-once=\"true\">\n        <div class=\"kon_box\">\n                    <div class=\"kon_img\">\n            <img decoding=\"async\" src=\"https:\/\/bpnt.bialystok.pl\/wp-content\/uploads\/2025\/06\/K_Kaminski_IT.png\" alt=\"\" class=\"kon_img_round img_all\">\n          <\/div>\n          \n          <div class=\"kon_text\">\n            <div class=\"kon_title\">Krystian Kami\u0144ski<\/div>\n\n                        <div class=\"kon_text_light\">Head of IT Unit<\/div>\n            \n                        <div class=\"kon_add\">\n              <img decoding=\"async\" src=\"https:\/\/bpnt.bialystok.pl\/wp-content\/themes\/bpnt\/assets\/images\/sms.png\" alt=\"\">\n              <a href=\"mailto:k.kaminski@bpnt.bialystok.pl\">k.kaminski@bpnt.bialystok.pl<\/a>\n            <\/div>\n                                    \n                        <div class=\"kon_add\"> <img decoding=\"async\" src=\"https:\/\/bpnt.bialystok.pl\/wp-content\/themes\/bpnt\/assets\/images\/call.png\"\n                alt=\"\">\n              <a\n                href=\"tel:+48857222089\">+48 85 722 20 89<\/a>\n\n            <\/div>\n                                    \n          <\/div>\n        <\/div>\n      <\/li>\n                  <li class=\"col-xxl-6 col-xl-12 col-lg-6 col-md-12 col-sm-12\"  data-aos=\"fade-up\"  data-aos-delay=\"100\" data-aos-once=\"true\">\n        <div class=\"kon_box\">\n                    <div class=\"kon_img\">\n            <img decoding=\"async\" src=\"https:\/\/bpnt.bialystok.pl\/wp-content\/uploads\/2025\/08\/Jurzysta-1.png\" alt=\"\" class=\"kon_img_round img_all\">\n          <\/div>\n          \n          <div class=\"kon_text\">\n            <div class=\"kon_title\">Marek Jurzysta<\/div>\n\n                        <div class=\"kon_text_light\">Head of Popularization of Science Unit<\/div>\n            \n                        <div class=\"kon_add\">\n              <img decoding=\"async\" src=\"https:\/\/bpnt.bialystok.pl\/wp-content\/themes\/bpnt\/assets\/images\/sms.png\" alt=\"\">\n              <a href=\"mailto:m.jurzysta@bpnt.bialystok.pl\">m.jurzysta@bpnt.bialystok.pl<\/a>\n            <\/div>\n                                    \n                        <div class=\"kon_add\"> <img decoding=\"async\" src=\"https:\/\/bpnt.bialystok.pl\/wp-content\/themes\/bpnt\/assets\/images\/call.png\"\n                alt=\"\">\n              <a\n                href=\"tel:+48857222091\">+48 85 722 20 91<\/a>\n\n            <\/div>\n                                    \n          <\/div>\n        <\/div>\n      <\/li>\n                  <li class=\"col-xxl-6 col-xl-12 col-lg-6 col-md-12 col-sm-12\"  data-aos=\"fade-up\"  data-aos-delay=\"200\" data-aos-once=\"true\">\n        <div class=\"kon_box\">\n                    <div class=\"kon_img\">\n            <img decoding=\"async\" src=\"https:\/\/bpnt.bialystok.pl\/wp-content\/uploads\/2025\/08\/Uzynski.png\" alt=\"\" class=\"kon_img_round img_all\">\n          <\/div>\n          \n          <div class=\"kon_text\">\n            <div class=\"kon_title\">Bart\u0142omiej U\u017cy\u0144ski<\/div>\n\n                        <div class=\"kon_text_light\">Head of Development Unit<\/div>\n            \n                        <div class=\"kon_add\">\n              <img decoding=\"async\" src=\"https:\/\/bpnt.bialystok.pl\/wp-content\/themes\/bpnt\/assets\/images\/sms.png\" alt=\"\">\n              <a href=\"mailto:b.uzynski@bpnt.bialystok.pl\">b.uzynski@bpnt.bialystok.pl<\/a>\n            <\/div>\n                                    \n                        <div class=\"kon_add\"> <img decoding=\"async\" src=\"https:\/\/bpnt.bialystok.pl\/wp-content\/themes\/bpnt\/assets\/images\/call.png\"\n                alt=\"\">\n              <a\n                href=\"tel:+48857222051\">+48 85 722 20 51<\/a>\n\n            <\/div>\n                                    \n          <\/div>\n        <\/div>\n      <\/li>\n                  <li class=\"col-xxl-6 col-xl-12 col-lg-6 col-md-12 col-sm-12\"  data-aos=\"fade-up\"  data-aos-delay=\"100\" data-aos-once=\"true\">\n        <div class=\"kon_box\">\n                    <div class=\"kon_img\">\n            <img decoding=\"async\" src=\"https:\/\/bpnt.bialystok.pl\/wp-content\/uploads\/2025\/08\/Podbielski.png\" alt=\"\" class=\"kon_img_round img_all\">\n          <\/div>\n          \n          <div class=\"kon_text\">\n            <div class=\"kon_title\">Micha\u0142 Podbielski<\/div>\n\n                        <div class=\"kon_text_light\">Head of Promotion Unit<\/div>\n            \n                        <div class=\"kon_add\">\n              <img decoding=\"async\" src=\"https:\/\/bpnt.bialystok.pl\/wp-content\/themes\/bpnt\/assets\/images\/sms.png\" alt=\"\">\n              <a href=\"mailto:m.podbielski@bpnt.bialystok.pl\">m.podbielski@bpnt.bialystok.pl<\/a>\n            <\/div>\n                                    \n                        <div class=\"kon_add\"> <img decoding=\"async\" src=\"https:\/\/bpnt.bialystok.pl\/wp-content\/themes\/bpnt\/assets\/images\/call.png\"\n                alt=\"\">\n              <a\n                href=\"tel:+48857222056\">+48 85 722 20 56<\/a>\n\n            <\/div>\n                                    \n          <\/div>\n        <\/div>\n      <\/li>\n                  <li class=\"col-xxl-6 col-xl-12 col-lg-6 col-md-12 col-sm-12\"  data-aos=\"fade-up\"  data-aos-delay=\"200\" data-aos-once=\"true\">\n        <div class=\"kon_box\">\n                    <div class=\"kon_img\">\n            <img decoding=\"async\" src=\"https:\/\/bpnt.bialystok.pl\/wp-content\/uploads\/2025\/08\/Kalinowski.png\" alt=\"\" class=\"kon_img_round img_all\">\n          <\/div>\n          \n          <div class=\"kon_text\">\n            <div class=\"kon_title\">Kamil Kalinowski<\/div>\n\n                        <div class=\"kon_text_light\">Head of Public Procurement Unit<\/div>\n            \n                        <div class=\"kon_add\">\n              <img decoding=\"async\" src=\"https:\/\/bpnt.bialystok.pl\/wp-content\/themes\/bpnt\/assets\/images\/sms.png\" alt=\"\">\n              <a href=\"mailto:k.kalinowski@bpnt.bialystok.pl\">k.kalinowski@bpnt.bialystok.pl<\/a>\n            <\/div>\n                                    \n                        <div class=\"kon_add\"> <img decoding=\"async\" src=\"https:\/\/bpnt.bialystok.pl\/wp-content\/themes\/bpnt\/assets\/images\/call.png\"\n                alt=\"\">\n              <a\n                href=\"tel:+48857222054\">+48 85 722 20 54<\/a>\n\n            <\/div>\n                                    \n          <\/div>\n        <\/div>\n      <\/li>\n            \n\n    <\/ul>\n  <\/div>\n  \n\n  <!-- \/BLOK-kontakt-do-osob -->\n<\/div>\n\n\n\n\n<p><\/p>\n\n\n\n<div id=\"kontakt-do-osobblock_23dc1a9fd2ce1932ed0da74e3f508539\"\n  class=\"blok-kontakt-do-osob  \">\n  <!-- BLOK-kontakt-do-osob -->\n\n  \n    <div class=\"kon_post\" data-aos=\"fade-up\"  data-aos-delay=\"100\" data-aos-once=\"true\">\n        <h2 class=\"kontakt_title\">Data Protection Officer <\/h2>\n    \n    <div class=\"kon_title\">\n      Mariusz Manaches    <\/div>\n\n        <div class=\"kon_add\">\n      <img decoding=\"async\" src=\"https:\/\/bpnt.bialystok.pl\/wp-content\/themes\/bpnt\/assets\/images\/sms.png\" alt=\"\">\n      <a href=\"mailto:iodo@bpnt.bialystok.pl\">iodo@bpnt.bialystok.pl<\/a>\n    <\/div>\n            \n        <div class=\"kon_add\"> <img decoding=\"async\" src=\"https:\/\/bpnt.bialystok.pl\/wp-content\/themes\/bpnt\/assets\/images\/call.png\" alt=\"\">\n      <a\n        href=\"tel:+48534653001\">+48 534 653 001<\/a>\n\n    <\/div>\n              <\/div>\n    \n\n  \n\n  <!-- \/BLOK-kontakt-do-osob -->\n<\/div>\n\n\n\n\n<p><\/p>\n","protected":false},"excerpt":{"rendered":"","protected":false},"author":1,"featured_media":1338,"parent":10049,"menu_order":1,"comment_status":"closed","ping_status":"closed","template":"","meta":{"_acf_changed":false,"inline_featured_image":false},"class_list":["post-10051","page","type-page","status-publish","has-post-thumbnail","hentry"],"acf":[],"_links":{"self":[{"href":"https:\/\/bpnt.bialystok.pl\/en\/wp-json\/wp\/v2\/pages\/10051","targetHints":{"allow":["GET"]}}],"collection":[{"href":"https:\/\/bpnt.bialystok.pl\/en\/wp-json\/wp\/v2\/pages"}],"about":[{"href":"https:\/\/bpnt.bialystok.pl\/en\/wp-json\/wp\/v2\/types\/page"}],"author":[{"embeddable":true,"href":"https:\/\/bpnt.bialystok.pl\/en\/wp-json\/wp\/v2\/users\/1"}],"replies":[{"embeddable":true,"href":"https:\/\/bpnt.bialystok.pl\/en\/wp-json\/wp\/v2\/comments?post=10051"}],"version-history":[{"count":2,"href":"https:\/\/bpnt.bialystok.pl\/en\/wp-json\/wp\/v2\/pages\/10051\/revisions"}],"predecessor-version":[{"id":10075,"href":"https:\/\/bpnt.bialystok.pl\/en\/wp-json\/wp\/v2\/pages\/10051\/revisions\/10075"}],"up":[{"embeddable":true,"href":"https:\/\/bpnt.bialystok.pl\/en\/wp-json\/wp\/v2\/pages\/10049"}],"wp:featuredmedia":[{"embeddable":true,"href":"https:\/\/bpnt.bialystok.pl\/en\/wp-json\/wp\/v2\/media\/1338"}],"wp:attachment":[{"href":"https:\/\/bpnt.bialystok.pl\/en\/wp-json\/wp\/v2\/media?parent=10051"}],"curies":[{"name":"wp","href":"https:\/\/api.w.org\/{rel}","templated":true}]}}