{"id":10048,"date":"2025-06-09T08:34:23","date_gmt":"2025-06-09T06:34:23","guid":{"rendered":"http:\/\/test.bpnt.bialystok.pl\/spolecznosc-bpn-t\/firmy\/"},"modified":"2025-09-19T15:03:12","modified_gmt":"2025-09-19T13:03:12","slug":"bpn-t-companies","status":"publish","type":"page","link":"https:\/\/bpnt.bialystok.pl\/en\/bpn-t-community\/bpn-t-companies\/","title":{"rendered":"BPN-T Companies"},"content":{"rendered":"<div id=\"firmy-block_6fa23a7dbdd16d7f982ffe1696f33abb\"\n  class=\"firmy-block \">\n  <!-- firmy -->\n    <form method=\"get\" id=\"newsFRM\" action=\"https:\/\/bpnt.bialystok.pl\/en\/bpn-t-community\/bpn-t-companies\/\">\n\n    <div class=\"search_box\">\n      <div class=\"title_sm\">Search in companies<\/div>\n      <div class=\"row\">\n        <div class=\"col-xxl-9 col-xl-9 col-lg-8 col-md-12 col-sm-12\">\n          <label for=\"searchNews\" class=\"form-label\">Name, keywords <\/label>\n          <input class=\"form-control\" id=\"searchNews\" type=\"text\" name=\"keywords\"\n            value=\"\"\n            placeholder=\"Enter\">\n        <\/div>\n\n\n        <div class=\"col-xxl-3 col-xl-3 col-lg-4 col-md-12 col-sm-12\">\n          <label for=\"cat\" class=\"form-label\">Kategoria<\/label>\n          <select name=\"cat\" id=\"cat\" class=\"form-select form-control\">\n            <option  value=\"\">Select a category<\/option>\n                        <option value=\"135\"\n              >\n              Biotechnologia<\/option>\n                        <option value=\"124\"\n              >\n              Consulting<\/option>\n                        <option value=\"132\"\n              >\n              Doradztwo<\/option>\n                        <option value=\"127\"\n              >\n              Druk 3D<\/option>\n                        <option value=\"125\"\n              >\n              E-commerce<\/option>\n                        <option value=\"139\"\n              >\n              Energia odnawialna<\/option>\n                        <option value=\"134\"\n              >\n              ICT<\/option>\n                        <option value=\"138\"\n              >\n              In\u017cynieria<\/option>\n                        <option value=\"142\"\n              >\n              IoT<\/option>\n                        <option value=\"133\"\n              >\n              IT<\/option>\n                        <option value=\"141\"\n              >\n              Logistyka<\/option>\n                        <option value=\"129\"\n              >\n              Mechatronika<\/option>\n                        <option value=\"137\"\n              >\n              Medycyna<\/option>\n                        <option value=\"128\"\n              >\n              Pneumatyka<\/option>\n                        <option value=\"140\"\n              >\n              Projektowanie<\/option>\n                        <option value=\"131\"\n              >\n              Reklama<\/option>\n                        <option value=\"130\"\n              >\n              Software<\/option>\n                        <option value=\"136\"\n              >\n              Technologie materia\u0142owe<\/option>\n                        <option value=\"143\"\n              >\n              Telemetry<\/option>\n                        <option value=\"126\"\n              >\n              VR<\/option>\n                      <\/select>\n        <\/div>\n\n\n\n        <div class=\"col-xxl-12\">\n          <button type=\"submit\" class=\"but_search\">Search            <img decoding=\"async\" src=\"https:\/\/bpnt.bialystok.pl\/wp-content\/themes\/bpnt\/assets\/images\/arrow_blue.svg\" alt=\"\">\n          <\/button>\n        <\/div>\n      <\/div>\n    <\/div>\n\n    <div class=\"filter_box2\">\n      <div class=\"row\">\n        <div class=\"col-xxl-6 col-xl-6 col-lg-5 col-md-4 col-sm-6 found\">\n          Number of results:&nbsp;<strong>30<\/strong>\n        <\/div>\n        <div class=\"col-xxl-6 col-xl-6 col-lg-7 col-md-8 col-sm-12\">\n          <div class=\"filter_box1\">\n            <ul>\n              <li>\n                Sort by:\n              <\/li>\n              <li>\n                <select name=\"sort\" id=\"sort\" class=\"form-select form-select-filter\"\n                  onchange=\"document.getElementById('newsFRM').submit();\">\n                  <option value=\"desc\"\n                    >\n                    Date of publication (from the newest)<\/option>\n                  <option value=\"asc\"\n                    >\n                    Date of publication (from the oldest) <\/option>\n                <\/select>\n              <\/li>\n            <\/ul>\n          <\/div>\n        <\/div>\n      <\/div>\n    <\/div>\n  <\/form>\n  \n  <div class=\"news_all\">\n    <ul class=\"row\">\n            <li class=\"col-xxl-12 main_sec\" data-aos=\"fade-up\"  data-aos-delay=\"200\" data-aos-once=\"true\">\n        <a href=\"https:\/\/bpnt.bialystok.pl\/en\/firmy-lista\/3m-projekt-sp-j\/\" class=\"news_link main_sec\">\n\n        <div class=\"firm_box main_sec_box\">\n          <div class=\"firm_logo\"><img decoding=\"async\" src=\"https:\/\/bpnt.bialystok.pl\/wp-content\/uploads\/2025\/06\/firm1.png\" alt=\"\" class=\"img_all round16\"><\/div>\n          <div class=\"firm_text\">\n                        <div class=\"firm_cat_tag\">\n              <div class=\"firm_cat\">Reklama<\/div>\n            <\/div>\n                        <div class=\"firm_title\">3m projekt sp.j.<\/div>\n\n                        <div class=\"firm_link\">www.3mprojekt.com.pl<\/div>\n            \n            3m project is an advertising agency specializing in BTL.          <\/div>\n        <\/div>\n        <\/a>\n      <\/li>\n            <li class=\"col-xxl-12 main_sec\" data-aos=\"fade-up\"  data-aos-delay=\"200\" data-aos-once=\"true\">\n        <a href=\"https:\/\/bpnt.bialystok.pl\/en\/firmy-lista\/adanto-software\/\" class=\"news_link main_sec\">\n\n        <div class=\"firm_box main_sec_box\">\n          <div class=\"firm_logo\"><img decoding=\"async\" src=\"https:\/\/bpnt.bialystok.pl\/wp-content\/uploads\/2025\/08\/adanto-logo-140448163_jpg.jpg\" alt=\"\" class=\"img_all round16\"><\/div>\n          <div class=\"firm_text\">\n                        <div class=\"firm_cat_tag\">\n              <div class=\"firm_cat\">Software<\/div>\n            <\/div>\n                        <div class=\"firm_title\">Adanto Software<\/div>\n\n                        <div class=\"firm_link\">www.adantosoft.com<\/div>\n            \n            Founded in 2003 and legally established as a Delaware Company eleven years later in 2014, Adanto is a global Enterprise IT &amp; R&amp;D Software Services&#8230;          <\/div>\n        <\/div>\n        <\/a>\n      <\/li>\n            <li class=\"col-xxl-12 main_sec\" data-aos=\"fade-up\"  data-aos-delay=\"200\" data-aos-once=\"true\">\n        <a href=\"https:\/\/bpnt.bialystok.pl\/en\/firmy-lista\/beesset-sp-z-o-o\/\" class=\"news_link main_sec\">\n\n        <div class=\"firm_box main_sec_box\">\n          <div class=\"firm_logo\"><img decoding=\"async\" src=\"https:\/\/bpnt.bialystok.pl\/wp-content\/uploads\/2025\/11\/4-2.png\" alt=\"\" class=\"img_all round16\"><\/div>\n          <div class=\"firm_text\">\n                        <div class=\"firm_cat_tag\">\n              <div class=\"firm_cat\">IT<\/div>\n            <\/div>\n                        <div class=\"firm_title\">BEESSET Sp. z o.o.<\/div>\n\n                        <div class=\"firm_link\">www.beesset.com<\/div>\n            \n            Beesset designs and implements software and hardware solutions for the public transport. We create, among others, dynamic passenger information, fleet&#8230;          <\/div>\n        <\/div>\n        <\/a>\n      <\/li>\n            <li class=\"col-xxl-12 main_sec\" data-aos=\"fade-up\"  data-aos-delay=\"200\" data-aos-once=\"true\">\n        <a href=\"https:\/\/bpnt.bialystok.pl\/en\/firmy-lista\/bibus-menos-sp-z-o-o\/\" class=\"news_link main_sec\">\n\n        <div class=\"firm_box main_sec_box\">\n          <div class=\"firm_logo\"><img decoding=\"async\" src=\"https:\/\/bpnt.bialystok.pl\/wp-content\/uploads\/2025\/08\/BIBUS-MENOS_logo_do-internetu_jpg.jpg\" alt=\"\" class=\"img_all round16\"><\/div>\n          <div class=\"firm_text\">\n                        <div class=\"firm_cat_tag\">\n              <div class=\"firm_cat\">Druk 3D, Mechatronika, Pneumatyka<\/div>\n            <\/div>\n                        <div class=\"firm_title\">BIBUS MENOS Sp. z o.o.<\/div>\n\n                        <div class=\"firm_link\">www.bibusmenos.pl<\/div>\n            \n            BIBUS MENOS Sp. z o.o. [Limited Liability Company] is a Polish-Swiss engineering company. We provide components and solutions for industry in various sectors,&#8230;          <\/div>\n        <\/div>\n        <\/a>\n      <\/li>\n            <li class=\"col-xxl-12 main_sec\" data-aos=\"fade-up\"  data-aos-delay=\"200\" data-aos-once=\"true\">\n        <a href=\"https:\/\/bpnt.bialystok.pl\/en\/firmy-lista\/centrum-promocji-innowacji-i-rozwoju\/\" class=\"news_link main_sec\">\n\n        <div class=\"firm_box main_sec_box\">\n          <div class=\"firm_logo\"><img decoding=\"async\" src=\"https:\/\/bpnt.bialystok.pl\/wp-content\/uploads\/2025\/08\/Logo-CPIR-Evo-104618555.png\" alt=\"\" class=\"img_all round16\"><\/div>\n          <div class=\"firm_text\">\n                        <div class=\"firm_cat_tag\">\n              <div class=\"firm_cat\">Doradztwo<\/div>\n            <\/div>\n                        <div class=\"firm_title\">Centrum Promocji Innowacji i Rozwoju<\/div>\n\n                        <div class=\"firm_link\">www.metalklaster.pl<\/div>\n            \n            Innovation and Development Promotion Center supports development of Member organizations and promotes the innovation of economy in the North-Eastern region&#8230;          <\/div>\n        <\/div>\n        <\/a>\n      <\/li>\n            <li class=\"col-xxl-12 main_sec\" data-aos=\"fade-up\"  data-aos-delay=\"200\" data-aos-once=\"true\">\n        <a href=\"https:\/\/bpnt.bialystok.pl\/en\/firmy-lista\/clurgo-sp-z-o-o\/\" class=\"news_link main_sec\">\n\n        <div class=\"firm_box main_sec_box\">\n          <div class=\"firm_logo\"><img decoding=\"async\" src=\"https:\/\/bpnt.bialystok.pl\/wp-content\/uploads\/2025\/08\/Clurgo-logo.png\" alt=\"\" class=\"img_all round16\"><\/div>\n          <div class=\"firm_text\">\n                        <div class=\"firm_cat_tag\">\n              <div class=\"firm_cat\">IT<\/div>\n            <\/div>\n                        <div class=\"firm_title\">Clurgo Sp. z o.o.<\/div>\n\n                        <div class=\"firm_link\">www.clurgo.com<\/div>\n            \n            The company helps to realize solutions for IT needs. They specialize in system integration, CRM, and debt collection systems. Projects begin by analyzing&#8230;          <\/div>\n        <\/div>\n        <\/a>\n      <\/li>\n            <li class=\"col-xxl-12 main_sec\" data-aos=\"fade-up\"  data-aos-delay=\"200\" data-aos-once=\"true\">\n        <a href=\"https:\/\/bpnt.bialystok.pl\/en\/firmy-lista\/dr-piktel-medicl-systems-sp-z-o-o\/\" class=\"news_link main_sec\">\n\n        <div class=\"firm_box main_sec_box\">\n          <div class=\"firm_logo\"><img decoding=\"async\" src=\"https:\/\/bpnt.bialystok.pl\/wp-content\/uploads\/2025\/08\/Dr-Piktel_logo_JPG.jpg\" alt=\"\" class=\"img_all round16\"><\/div>\n          <div class=\"firm_text\">\n                        <div class=\"firm_cat_tag\">\n              <div class=\"firm_cat\">Biotechnologia<\/div>\n            <\/div>\n                        <div class=\"firm_title\">Dr Piktel Medic@l Systems sp.z o.o.<\/div>\n\n                        <div class=\"firm_link\">www.drpiktel.com<\/div>\n            \n            Dr. Piktel is an authorized distributor of world&#8217;s leading manufacturers equipment for the diagnosis of functional gastrointestinal and specialized&#8230;          <\/div>\n        <\/div>\n        <\/a>\n      <\/li>\n            <li class=\"col-xxl-12 main_sec\" data-aos=\"fade-up\"  data-aos-delay=\"200\" data-aos-once=\"true\">\n        <a href=\"https:\/\/bpnt.bialystok.pl\/en\/firmy-lista\/dsm-intelligence\/\" class=\"news_link main_sec\">\n\n        <div class=\"firm_box main_sec_box\">\n          <div class=\"firm_logo\"><img decoding=\"async\" src=\"https:\/\/bpnt.bialystok.pl\/wp-content\/uploads\/2025\/11\/DSM-Intelligence-w-BPNT.png\" alt=\"\" class=\"img_all round16\"><\/div>\n          <div class=\"firm_text\">\n                        <div class=\"firm_cat_tag\">\n              <div class=\"firm_cat\">Consulting, IT, Software<\/div>\n            <\/div>\n                        <div class=\"firm_title\">DSM Intelligence<\/div>\n\n                        <div class=\"firm_link\">e-transkryptor.eu<\/div>\n            \n            DSM Intelligence was founded in 2020, and in the same year they released their first product &#8211; eTranskryptor &#8211; a web application that was a&#8230;          <\/div>\n        <\/div>\n        <\/a>\n      <\/li>\n            <li class=\"col-xxl-12 main_sec\" data-aos=\"fade-up\"  data-aos-delay=\"200\" data-aos-once=\"true\">\n        <a href=\"https:\/\/bpnt.bialystok.pl\/en\/firmy-lista\/elastic-cloud-solutions\/\" class=\"news_link main_sec\">\n\n        <div class=\"firm_box main_sec_box\">\n          <div class=\"firm_logo\"><img decoding=\"async\" src=\"https:\/\/bpnt.bialystok.pl\/wp-content\/uploads\/2025\/08\/ECS-WEB.png\" alt=\"\" class=\"img_all round16\"><\/div>\n          <div class=\"firm_text\">\n                        <div class=\"firm_cat_tag\">\n              <div class=\"firm_cat\">IT<\/div>\n            <\/div>\n                        <div class=\"firm_title\">Elastic Cloud Solutions<\/div>\n\n                        <div class=\"firm_link\">www.workai.com<\/div>\n            \n            Elastic Cloud Solutions provides a Digital Workplace platform which is a set of solutions for improving internal communication, employees productivity&#8230;          <\/div>\n        <\/div>\n        <\/a>\n      <\/li>\n            <li class=\"col-xxl-12 main_sec\" data-aos=\"fade-up\"  data-aos-delay=\"200\" data-aos-once=\"true\">\n        <a href=\"https:\/\/bpnt.bialystok.pl\/en\/firmy-lista\/experteam-sp-z-o-o\/\" class=\"news_link main_sec\">\n\n        <div class=\"firm_box main_sec_box\">\n          <div class=\"firm_logo\"><img decoding=\"async\" src=\"https:\/\/bpnt.bialystok.pl\/wp-content\/uploads\/2025\/08\/Logo-Experteam-Sp.-z-o.o.png\" alt=\"\" class=\"img_all round16\"><\/div>\n          <div class=\"firm_text\">\n                        <div class=\"firm_cat_tag\">\n              <div class=\"firm_cat\">Technologie materia\u0142owe<\/div>\n            <\/div>\n                        <div class=\"firm_title\">Experteam Sp. z o.o.<\/div>\n\n                        <div class=\"firm_link\">www.e-experteam.com<\/div>\n            \n            The company designs and modifies the plastic parts in order to increase their functionality or quality. The company designs and modifies the plastic parts&#8230;          <\/div>\n        <\/div>\n        <\/a>\n      <\/li>\n      \n          <\/ul>\n  <\/div>\n\n  <div class=\"col-xxl-12\">\n    <div class=\"mt-50px\">\n      <div class=\"paginator-wrapper\">\n        \r\n        <div class=\"paging\">\r\n            <nav>\r\n                <ul class=\"pagination justify-content-start\"><li class=\"page-item\"><\/li><li class=\"page-item\"><span aria-current=\"page\" class=\"page-link  current\">1<\/span><\/li><li class=\"page-item\"><a class=\"page-link\" title=\"2. page Companies\" href=\"https:\/\/bpnt.bialystok.pl\/en\/wp-json\/wp\/v2\/pages\/10048\/page\/2\/\">2<\/a><\/li><li class=\"page-item\"><a class=\"page-link\" title=\"3. page Companies\" href=\"https:\/\/bpnt.bialystok.pl\/en\/wp-json\/wp\/v2\/pages\/10048\/page\/3\/\">3<\/a><\/li><li class=\"page-item\"><a class=\"page-link\" title=\"Next page\" href=\"https:\/\/bpnt.bialystok.pl\/en\/wp-json\/wp\/v2\/pages\/10048\/page\/2\/\"><svg class=\"svg-inline--fa fa-arrow-right\" aria-hidden=\"true\" focusable=\"false\" data-prefix=\"fas\" data-icon=\"arrow-right\" role=\"img\" xmlns=\"http:\/\/www.w3.org\/2000\/svg\" viewBox=\"0 0 448 512\" data-fa-i2svg=\"\"><path fill=\"currentColor\" d=\"M438.6 278.6c12.5-12.5 12.5-32.8 0-45.3l-160-160c-12.5-12.5-32.8-12.5-45.3 0s-12.5 32.8 0 45.3L338.8 224 32 224c-17.7 0-32 14.3-32 32s14.3 32 32 32l306.7 0L233.4 393.4c-12.5 12.5-12.5 32.8 0 45.3s32.8 12.5 45.3 0l160-160z\"><\/path><\/svg><\/a><\/li><\/ul>\r\n            <\/nav>\r\n            <div class=\"clr\"><\/div>\r\n        <\/div>      <\/div>\n    <\/div>\n  <\/div>\n\n  <!-- \/firmy -->\n<\/div>\n\n<div class=\"height_82\"><\/div>\n\n","protected":false},"excerpt":{"rendered":"<p>Wprowad\u017a swoj\u0105 firm\u0119 na nowe tory innowacji! W BPN-T Tw\u00f3j biznes b\u0119dzie dzia\u0142a\u0142 bez zak\u0142\u00f3ce\u0144, w otoczeniu, kt\u00f3re sprzyja kreatywno\u015bci i rozwojowi. Poszerzysz te\u017c sie\u0107 swoich kontakt\u00f3w biznesowych.<\/p>\n","protected":false},"author":1,"featured_media":0,"parent":10047,"menu_order":1,"comment_status":"closed","ping_status":"closed","template":"","meta":{"_acf_changed":false,"inline_featured_image":false},"class_list":["post-10048","page","type-page","status-publish","hentry"],"acf":[],"_links":{"self":[{"href":"https:\/\/bpnt.bialystok.pl\/en\/wp-json\/wp\/v2\/pages\/10048","targetHints":{"allow":["GET"]}}],"collection":[{"href":"https:\/\/bpnt.bialystok.pl\/en\/wp-json\/wp\/v2\/pages"}],"about":[{"href":"https:\/\/bpnt.bialystok.pl\/en\/wp-json\/wp\/v2\/types\/page"}],"author":[{"embeddable":true,"href":"https:\/\/bpnt.bialystok.pl\/en\/wp-json\/wp\/v2\/users\/1"}],"replies":[{"embeddable":true,"href":"https:\/\/bpnt.bialystok.pl\/en\/wp-json\/wp\/v2\/comments?post=10048"}],"version-history":[{"count":1,"href":"https:\/\/bpnt.bialystok.pl\/en\/wp-json\/wp\/v2\/pages\/10048\/revisions"}],"predecessor-version":[{"id":10061,"href":"https:\/\/bpnt.bialystok.pl\/en\/wp-json\/wp\/v2\/pages\/10048\/revisions\/10061"}],"up":[{"embeddable":true,"href":"https:\/\/bpnt.bialystok.pl\/en\/wp-json\/wp\/v2\/pages\/10047"}],"wp:attachment":[{"href":"https:\/\/bpnt.bialystok.pl\/en\/wp-json\/wp\/v2\/media?parent=10048"}],"curies":[{"name":"wp","href":"https:\/\/api.w.org\/{rel}","templated":true}]}}